{"id":2589,"date":"2026-04-16T13:02:27","date_gmt":"2026-04-16T12:02:27","guid":{"rendered":"https:\/\/marieberte.com\/e-shop\/?post_type=product&#038;p=2589"},"modified":"2026-04-16T19:15:11","modified_gmt":"2026-04-16T18:15:11","slug":"le-o-2","status":"publish","type":"product","link":"https:\/\/marieberte.com\/e-shop\/produit\/le-o-2\/","title":{"rendered":"le O"},"content":{"rendered":"<h2><a href=\"https:\/\/marieberte.com\/e-shop\/produit\/m-sac-pour-femmes-fabrique-en-france\/\">O<\/a> sac pour femmes fabriqu\u00e9 en France.<\/h2>\n<p>La marque <a href=\"https:\/\/marieberte.com\/e-shop\/sacs-et-accessoires-femme-homme-en-cuir-made-france\/\">marieBerte<\/a> con\u00e7oit et fabrique des sacs et accessoires pour femmes et pour hommes en cuir <a href=\"http:\/\/marieberte.com\/e-shop\/produits-fabriques-en-france\/\">fabriqu\u00e9s en France <\/a>dans un atelier parisien. La marque s&#8217;inscrit dans une d\u00e9marche investie autour de la fabrication fran\u00e7aise et le savoir-faire, la notion de co-traitance est essentielle. La r\u00e9flexion est aussi men\u00e9e pour une consommation raisonn\u00e9e, une r\u00e9utilisation des chutes, un contr\u00f4le des d\u00e9chets, une tra\u00e7abilit\u00e9 des mat\u00e9riaux utilis\u00e9s.<\/p>\n<p><a href=\"https:\/\/marieberte.com\/e-shop\/sacs-et-accessoires-femme-homme-en-cuir-made-france\/\">Marque<\/a> responsable, elle valorise l\u2019exp\u00e9rience client, le service avant et apr\u00e8s-vente pour un suivi de qualit\u00e9 et personnalis\u00e9.<\/p>\n<p>Les mat\u00e9riaux viennent d&#8217;Italie pour les cuirs et d&#8217;Europe pour les produits de finition. Chaque saison, les couleurs et les gammes sont s\u00e9lectionn\u00e9es avec soin.<\/p>\n<h2>O sac pour femmes fabriqu\u00e9 en France.<\/h2>\n<p>O sac pour femmes fabriqu\u00e9 en France. Les sacs <a href=\"http:\/\/marieberte.com\/e-shop\/\">marieBerte<\/a> apportent \u00e0 la femme une silhouette unique. La cliente marieBerte est chic, d\u00e9contract\u00e9e, f\u00e9minine, sobre, aime \u00eatre originale gr\u00e2ce \u00e0 de petits d\u00e9tails. Richesse du style et des mati\u00e8res pour un design chic.<br \/>\nLa gamme des accessoires \u00e9volue fr\u00e9quemment, cr\u00e9ant la surprise, tout en gardant une unit\u00e9 de style qui la caract\u00e9rise\u2009: \u00e9motion, po\u00e9sie, nostalgie, avec un brin d\u2019inspiration vintage. Les r\u00e9f\u00e9rences sont d\u00e9sormais multiples, allant du <a href=\"http:\/\/marieberte.com\/e-shop\/produit\/bracelet\/\">bracelet<\/a> au <a href=\"http:\/\/marieberte.com\/e-shop\/produit\/auguste\/\">cabas<\/a>, en passant par les <a href=\"http:\/\/marieberte.com\/e-shop\/produit\/alfredo-sac-femme-en-cuir-fabrique-en-france-design-createur\/\">besaces<\/a>. Le rythme des collections est variable, et r\u00e9pond avant tout \u00e0 l&#8217;envie et \u00e0 la passion de la cr\u00e9atrice.<\/p>\n","protected":false},"excerpt":{"rendered":"<p><span style=\"font-size: 10pt;\">Sac en cuir bicolore.<br \/>\n<\/span><span style=\"font-size: 10pt;\">Coutures main et machine, teintures tranches.<br \/>\nDoubl\u00e9 en cuir.<br \/>\nUne poche int\u00e9rieure.<br \/>\nFermeture du sac par des aimants invisibles.<br \/>\nFinitions en m\u00e9tal dor\u00e9.<br \/>\nHauteur 23 cm, largeur 25 cm, profondeur 6,5 cm.<br \/>\nBandouli\u00e8re 122 cm.<br \/>\nCuirs certifi\u00e9s LWG<\/span><span style=\"font-size: 10pt;\"><br \/>\n<\/span><\/p>\n","protected":false},"featured_media":2595,"template":"","meta":[],"product_cat":[52,53],"product_tag":[],"_links":{"self":[{"href":"https:\/\/marieberte.com\/e-shop\/wp-json\/wp\/v2\/product\/2589"}],"collection":[{"href":"https:\/\/marieberte.com\/e-shop\/wp-json\/wp\/v2\/product"}],"about":[{"href":"https:\/\/marieberte.com\/e-shop\/wp-json\/wp\/v2\/types\/product"}],"wp:featuredmedia":[{"embeddable":true,"href":"https:\/\/marieberte.com\/e-shop\/wp-json\/wp\/v2\/media\/2595"}],"wp:attachment":[{"href":"https:\/\/marieberte.com\/e-shop\/wp-json\/wp\/v2\/media?parent=2589"}],"wp:term":[{"taxonomy":"product_cat","embeddable":true,"href":"https:\/\/marieberte.com\/e-shop\/wp-json\/wp\/v2\/product_cat?post=2589"},{"taxonomy":"product_tag","embeddable":true,"href":"https:\/\/marieberte.com\/e-shop\/wp-json\/wp\/v2\/product_tag?post=2589"}],"curies":[{"name":"wp","href":"https:\/\/api.w.org\/{rel}","templated":true}]}}