{"id":238,"date":"2014-04-07T15:01:20","date_gmt":"2014-04-07T14:01:20","guid":{"rendered":"http:\/\/marieberte.com\/e-shop\/?post_type=product&#038;p=238"},"modified":"2021-05-23T00:09:06","modified_gmt":"2021-05-22T23:09:06","slug":"anatole-sac-createur-cuir-homme-bandouliere-fabrication-france","status":"publish","type":"product","link":"https:\/\/marieberte.com\/e-shop\/produit\/anatole-sac-createur-cuir-homme-bandouliere-fabrication-france\/","title":{"rendered":"Anatole"},"content":{"rendered":"<h1>Anatole sac cr\u00e9ateur cuir homme bandouli\u00e8re <a href=\"http:\/\/marieberte.com\/e-shop\/sacs-et-accessoires-femme-homme-en-cuir-made-france\/\">fabrication France<\/a><\/h1>\n<h2>Sacs pour hommes. Vachette unie ou bi-colore.<\/h2>\n<p>Anatole sac cr\u00e9ateur cuir homme bandouli\u00e8re <a href=\"http:\/\/marieberte.com\/e-shop\/sacs-et-accessoires-femme-homme-en-cuir-made-france\/\">fabrication France<\/a> : compos\u00e9 d&#8217;une poche ext\u00e9rieure (possibilit\u00e9 d&#8217;ajouter une pochette amovible : voir pochette <a href=\"http:\/\/marieberte.com\/e-shop\/produit\/archibald\/\">ARCHIBALD<\/a>). La fermeture du sac se fait gr\u00e2ce \u00e0 un zip. L&#8217;int\u00e9rieur le sac est compos\u00e9 d&#8217;une poche zipp\u00e9e et de compartiments de rangement. Les finitions sont en m\u00e9tal dor\u00e9. La doublure est en coton \u00e9pais. Dimensions du sac : hauteur 31 cm , largeur 38 cm, profondeur 13 cm. Bandouli\u00e8re r\u00e9glable 90 cm &#8211; 140 cm. Anses 40 cm<\/p>\n<p>Sacs et accessoires femme homme en cuir <a href=\"http:\/\/marieberte.com\/e-shop\/produits-fabriques-en-france\/\">fabriqu\u00e9s en France <\/a>dans un atelier parisien o\u00f9 le savoir-faire est transmis de p\u00e8re en fils.<\/p>\n<p>Marque responsable, solidaire, elle valorise la tra\u00e7abilit\u00e9 et la qualit\u00e9 des produits. Les mat\u00e9riaux viennent d&#8217;Italie pour les cuirs et d&#8217;Europe pour les produits de finition. Chaque saison, les couleurs et les gammes sont s\u00e9lectionn\u00e9es avec soin.<\/p>\n<p>Les sacs <a href=\"http:\/\/marieberte.com\/e-shop\/\">marieBerte<\/a> apportent \u00e0 la femme une silhouette unique. La cliente marieBerte est chic, d\u00e9contract\u00e9e, f\u00e9minine, sobre, aime \u00eatre originale gr\u00e2ce \u00e0 de petits d\u00e9tails. Richesse du style et des mati\u00e8res pour un design chic.<br \/>\nLa gamme des accessoires \u00e9volue fr\u00e9quemment, cr\u00e9ant la surprise, tout en gardant une unit\u00e9 de style qui la caract\u00e9rise\u2009: \u00e9motion, po\u00e9sie, nostalgie, avec un brin d\u2019inspiration vintage. Les r\u00e9f\u00e9rences sont d\u00e9sormais multiples, allant du <a href=\"http:\/\/marieberte.com\/e-shop\/produit\/bracelet\/\">bracelet<\/a> au <a href=\"http:\/\/marieberte.com\/e-shop\/produit\/auguste\/\">cabas<\/a>, en passant par les <a href=\"http:\/\/marieberte.com\/e-shop\/produit\/alfredo-sac-femme-en-cuir-fabrique-en-france-design-createur\/\">besaces<\/a>.<br \/>\nElle a derni\u00e8rement \u00e9largi sa gamme par une collection de <a href=\"http:\/\/marieberte.com\/e-shop\/produit\/bracelet-en-cuir-createur-fabrique-en-france\/\">bracelets<\/a>.<\/p>\n<p>&nbsp;<\/p>\n","protected":false},"excerpt":{"rendered":"<p>Sac en cuir de vachette bi-colore.<br \/>\nPoche ext\u00e9rieure (possibilit\u00e9 d&#8217;ajouter une pochette amovible : voir pochette <a href=\"http:\/\/marieberte.com\/e-shop\/produit\/archibald\/\">ARCHIBALD<\/a>).<br \/>\nFermeture du sac par un zip.<br \/>\n\u00c0 l&#8217;int\u00e9rieur : une poche zipp\u00e9e, compartiments de rangement<br \/>\nFinitions en m\u00e9tal dor\u00e9.<br \/>\nDoublure en coton \u00e9pais.<br \/>\nHauteur 31 cm , largeur 38 cm, profondeur 13 cm.<br \/>\nBandouli\u00e8re r\u00e9glable 90 cm &#8211; 140 cm. Anses 40 cm<\/p>\n","protected":false},"featured_media":243,"template":"","meta":[],"product_cat":[53],"product_tag":[],"_links":{"self":[{"href":"https:\/\/marieberte.com\/e-shop\/wp-json\/wp\/v2\/product\/238"}],"collection":[{"href":"https:\/\/marieberte.com\/e-shop\/wp-json\/wp\/v2\/product"}],"about":[{"href":"https:\/\/marieberte.com\/e-shop\/wp-json\/wp\/v2\/types\/product"}],"wp:featuredmedia":[{"embeddable":true,"href":"https:\/\/marieberte.com\/e-shop\/wp-json\/wp\/v2\/media\/243"}],"wp:attachment":[{"href":"https:\/\/marieberte.com\/e-shop\/wp-json\/wp\/v2\/media?parent=238"}],"wp:term":[{"taxonomy":"product_cat","embeddable":true,"href":"https:\/\/marieberte.com\/e-shop\/wp-json\/wp\/v2\/product_cat?post=238"},{"taxonomy":"product_tag","embeddable":true,"href":"https:\/\/marieberte.com\/e-shop\/wp-json\/wp\/v2\/product_tag?post=238"}],"curies":[{"name":"wp","href":"https:\/\/api.w.org\/{rel}","templated":true}]}}