{"id":1995,"date":"2020-11-30T12:03:40","date_gmt":"2020-11-30T11:03:40","guid":{"rendered":"https:\/\/marieberte.com\/e-shop\/?post_type=product&#038;p=1995"},"modified":"2026-02-19T14:36:35","modified_gmt":"2026-02-19T13:36:35","slug":"light-sac-avec-une-bandouliere-tres-leger-fabrique-en-france","status":"publish","type":"product","link":"https:\/\/marieberte.com\/e-shop\/produit\/light-sac-avec-une-bandouliere-tres-leger-fabrique-en-france\/","title":{"rendered":"le LIGHT bandouli\u00e8re"},"content":{"rendered":"<h2><a href=\"https:\/\/marieberte.com\/e-shop\/produit\/light-bandouliere\/\">LIGHT<\/a> sac avec une bandouli\u00e8re, tr\u00e8s l\u00e9ger <a href=\"http:\/\/marieberte.com\/e-shop\/produits-fabriques-en-france\/\">fabriqu\u00e9 en France<\/a><\/h2>\n<h2>Sac en bandouli\u00e8re pour femme, vachette unie ou bi-colore.<\/h2>\n<p>Assemblage du sac par un point sellier, finition haut de gamme.<\/p>\n<p><a href=\"https:\/\/marieberte.com\/e-shop\/produit\/light-bandouliere\/\">Light<\/a> sac fabriqu\u00e9 en France. La fermeture du sac se fait gr\u00e2ce \u00e0 un rabat en cuir et un bouton de col. Les finitions sont en m\u00e9tal dor\u00e9.<\/p>\n<p>Dimensions du sac : hauteur 14 cm , largeur 21 cm, profondeur 4 cm. Bandouli\u00e8re r\u00e9glable 104 cm &#8211; 118 cm. La boucle est en m\u00e9tal bross\u00e9 avec fermeture &#8220;t\u00e9ton&#8221;.<\/p>\n<p>La marque marieBerte con\u00e7oit et fabrique des sacs et accessoires pour femmes et pour hommes en cuir <a href=\"http:\/\/marieberte.com\/e-shop\/produits-fabriques-en-france\/\">fabriqu\u00e9s en France <\/a>dans un atelier parisien o\u00f9 le savoir-faire est transmis de p\u00e8re en fils.<\/p>\n<p>Marque responsable, elle valorise la tra\u00e7abilit\u00e9 et la qualit\u00e9 des produits. Les mat\u00e9riaux viennent d&#8217;Italie pour les cuirs et d&#8217;Europe pour les produits de finition. Chaque saison, les couleurs et les gammes sont s\u00e9lectionn\u00e9es avec soin.<\/p>\n<p>Les sacs <a href=\"http:\/\/marieberte.com\/e-shop\/\">marieBerte<\/a> apportent \u00e0 la femme une silhouette unique. La cliente marieBerte est chic, d\u00e9contract\u00e9e, f\u00e9minine, sobre, aime \u00eatre originale gr\u00e2ce \u00e0 de petits d\u00e9tails. Richesse du style et des mati\u00e8res pour un design chic.<br \/>\nLa gamme des accessoires \u00e9volue fr\u00e9quemment, cr\u00e9ant la surprise, tout en gardant une unit\u00e9 de style qui la caract\u00e9rise\u2009: \u00e9motion, po\u00e9sie, nostalgie, avec un brin d\u2019inspiration vintage. Les r\u00e9f\u00e9rences sont d\u00e9sormais multiples, allant du <a href=\"http:\/\/marieberte.com\/e-shop\/produit\/bracelet\/\">bracelet<\/a> au <a href=\"http:\/\/marieberte.com\/e-shop\/produit\/auguste\/\">cabas<\/a>, en passant par les <a href=\"http:\/\/marieberte.com\/e-shop\/produit\/alfredo-sac-femme-en-cuir-fabrique-en-france-design-createur\/\">besaces<\/a>.<\/p>\n<p>La marque s&#8217;inscrit dans une d\u00e9marche investie autour de la fabrication fran\u00e7aise et le savoir-faire, la notion de co-traitance est essentielle, la r\u00e9flexion est aussi men\u00e9e pour une consommation raisonn\u00e9e, une tra\u00e7abilit\u00e9 des mat\u00e9riaux utilis\u00e9s.<\/p>\n","protected":false},"excerpt":{"rendered":"<p><span style=\"font-size: 10pt;\">Petit sac en cuir, bandouli\u00e8re.<\/span><br \/>\n<span style=\"font-size: 10pt;\">Coutures mains et teintures des tranches, pour de belles finitions haut de gamme.<\/span><br \/>\n<span style=\"font-size: 10pt;\">Le sac se ferme par un rabat avec un bouton de col en m\u00e9tal dor\u00e9.<\/span><br \/>\n<span style=\"font-size: 10pt;\">La bandouli\u00e8re du sac est r\u00e9glable : 104 cm &#8211; 118 cm. La boucle est en m\u00e9tal dor\u00e9 bross\u00e9 &#8220;\u00e0 t\u00e9ton&#8221;.<\/span><br \/>\n<span style=\"font-size: 10pt;\">Dimensions : hauteur 14 cm, largeur 21 cm, profondeur 4 cm.<\/span><\/p>\n","protected":false},"featured_media":2457,"template":"","meta":[],"product_cat":[52],"product_tag":[],"_links":{"self":[{"href":"https:\/\/marieberte.com\/e-shop\/wp-json\/wp\/v2\/product\/1995"}],"collection":[{"href":"https:\/\/marieberte.com\/e-shop\/wp-json\/wp\/v2\/product"}],"about":[{"href":"https:\/\/marieberte.com\/e-shop\/wp-json\/wp\/v2\/types\/product"}],"wp:featuredmedia":[{"embeddable":true,"href":"https:\/\/marieberte.com\/e-shop\/wp-json\/wp\/v2\/media\/2457"}],"wp:attachment":[{"href":"https:\/\/marieberte.com\/e-shop\/wp-json\/wp\/v2\/media?parent=1995"}],"wp:term":[{"taxonomy":"product_cat","embeddable":true,"href":"https:\/\/marieberte.com\/e-shop\/wp-json\/wp\/v2\/product_cat?post=1995"},{"taxonomy":"product_tag","embeddable":true,"href":"https:\/\/marieberte.com\/e-shop\/wp-json\/wp\/v2\/product_tag?post=1995"}],"curies":[{"name":"wp","href":"https:\/\/api.w.org\/{rel}","templated":true}]}}