{"id":189,"date":"2014-03-29T10:32:29","date_gmt":"2014-03-29T09:32:29","guid":{"rendered":"http:\/\/marieberte.com\/e-shop\/?page_id=189"},"modified":"2021-05-19T10:16:38","modified_gmt":"2021-05-19T09:16:38","slug":"conseils-dentretien","status":"publish","type":"page","link":"https:\/\/marieberte.com\/e-shop\/conseils-dentretien\/","title":{"rendered":"Conseils d&#8217;entretien"},"content":{"rendered":"<p>Les produits marieBerte sont <a href=\"http:\/\/marieberte.com\/e-shop\/produits-fabriques-en-france\/\">fabriqu\u00e9s en France.<\/a><\/p>\n<p>Nos cuirs sont susceptibles d&#8217;\u00e9voluer avec le temps et les conditions m\u00e9t\u00e9orologiques.<br \/>\nIls se patinent, se matifient, les couleurs \u00e9voluent&#8230;<br \/>\nPour l&#8217;entretien nous vous conseillons l&#8217;unique utilisation d&#8217;un spray imperm\u00e9abilisant pour cuirs avant la premi\u00e8re utilisation<br \/>\ndu sac ou de la pochette.<br \/>\nNous restons \u00e0 votre \u00e9coute si vous avez des questions \u00e0 ce sujet :<br \/>\n<a href=\"mailto:commercial@marieberte.com\">commercial@marieberte.com<\/a><\/p>\n","protected":false},"excerpt":{"rendered":"<p>Les produits marieBerte sont fabriqu\u00e9s en France. Nos cuirs sont susceptibles d&#8217;\u00e9voluer avec le temps et les conditions m\u00e9t\u00e9orologiques. Ils se patinent, se matifient, les couleurs \u00e9voluent&#8230; Pour l&#8217;entretien nous vous conseillons l&#8217;unique utilisation d&#8217;un spray imperm\u00e9abilisant pour cuirs avant la premi\u00e8re utilisation du sac ou de la pochette. Nous restons \u00e0 votre \u00e9coute si [&hellip;]<\/p>\n","protected":false},"author":2,"featured_media":0,"parent":0,"menu_order":0,"comment_status":"closed","ping_status":"closed","template":"","meta":[],"_links":{"self":[{"href":"https:\/\/marieberte.com\/e-shop\/wp-json\/wp\/v2\/pages\/189"}],"collection":[{"href":"https:\/\/marieberte.com\/e-shop\/wp-json\/wp\/v2\/pages"}],"about":[{"href":"https:\/\/marieberte.com\/e-shop\/wp-json\/wp\/v2\/types\/page"}],"author":[{"embeddable":true,"href":"https:\/\/marieberte.com\/e-shop\/wp-json\/wp\/v2\/users\/2"}],"replies":[{"embeddable":true,"href":"https:\/\/marieberte.com\/e-shop\/wp-json\/wp\/v2\/comments?post=189"}],"version-history":[{"count":9,"href":"https:\/\/marieberte.com\/e-shop\/wp-json\/wp\/v2\/pages\/189\/revisions"}],"predecessor-version":[{"id":1401,"href":"https:\/\/marieberte.com\/e-shop\/wp-json\/wp\/v2\/pages\/189\/revisions\/1401"}],"wp:attachment":[{"href":"https:\/\/marieberte.com\/e-shop\/wp-json\/wp\/v2\/media?parent=189"}],"curies":[{"name":"wp","href":"https:\/\/api.w.org\/{rel}","templated":true}]}}