{"id":187,"date":"2014-03-29T10:32:08","date_gmt":"2014-03-29T09:32:08","guid":{"rendered":"http:\/\/marieberte.com\/e-shop\/?page_id=187"},"modified":"2014-07-17T16:34:37","modified_gmt":"2014-07-17T15:34:37","slug":"livraison-retour","status":"publish","type":"page","link":"https:\/\/marieberte.com\/e-shop\/livraison-retour\/","title":{"rendered":"Livraison et retour"},"content":{"rendered":"<p>Votre colis est livr\u00e9 sous 7 jours ouvr\u00e9s \u00e0 l&#8217;adresse indiqu\u00e9e lors de l&#8217;enregistrement de votre commande. Si l&#8217;article ne vous convient pas vous avez 14 jours pour nous le retourner. Les frais de livraison de retour vous seront rembours\u00e9s (envoi par colissimo la poste). Si toute fois l&#8217;article pr\u00e9sentait un d\u00e9faut ou n&#8217;\u00e9tait pas conforme \u00e0 l&#8217;article command\u00e9, vous avez 3 jours suivant la livraison pour faire votre r\u00e9clamation. (pour plus de renseignements voir C.G.V. rubriques &#8220;droit de r\u00e9tractation&#8221; et &#8220;retours&#8221;).<br \/>\nPar contre les retours venant de pays \u00e9trangers ou des D.O.M. T.O.M. ne sont pas rembours\u00e9es.<\/p>\n","protected":false},"excerpt":{"rendered":"<p>Votre colis est livr\u00e9 sous 7 jours ouvr\u00e9s \u00e0 l&#8217;adresse indiqu\u00e9e lors de l&#8217;enregistrement de votre commande. Si l&#8217;article ne vous convient pas vous avez 14 jours pour nous le retourner. Les frais de livraison de retour vous seront rembours\u00e9s (envoi par colissimo la poste). Si toute fois l&#8217;article pr\u00e9sentait un d\u00e9faut ou n&#8217;\u00e9tait pas [&hellip;]<\/p>\n","protected":false},"author":2,"featured_media":0,"parent":0,"menu_order":0,"comment_status":"closed","ping_status":"closed","template":"pageSans.php","meta":[],"_links":{"self":[{"href":"https:\/\/marieberte.com\/e-shop\/wp-json\/wp\/v2\/pages\/187"}],"collection":[{"href":"https:\/\/marieberte.com\/e-shop\/wp-json\/wp\/v2\/pages"}],"about":[{"href":"https:\/\/marieberte.com\/e-shop\/wp-json\/wp\/v2\/types\/page"}],"author":[{"embeddable":true,"href":"https:\/\/marieberte.com\/e-shop\/wp-json\/wp\/v2\/users\/2"}],"replies":[{"embeddable":true,"href":"https:\/\/marieberte.com\/e-shop\/wp-json\/wp\/v2\/comments?post=187"}],"version-history":[{"count":6,"href":"https:\/\/marieberte.com\/e-shop\/wp-json\/wp\/v2\/pages\/187\/revisions"}],"predecessor-version":[{"id":744,"href":"https:\/\/marieberte.com\/e-shop\/wp-json\/wp\/v2\/pages\/187\/revisions\/744"}],"wp:attachment":[{"href":"https:\/\/marieberte.com\/e-shop\/wp-json\/wp\/v2\/media?parent=187"}],"curies":[{"name":"wp","href":"https:\/\/api.w.org\/{rel}","templated":true}]}}