{"id":127,"date":"2014-03-28T17:03:12","date_gmt":"2014-03-28T16:03:12","guid":{"rendered":"http:\/\/marieberte.com\/e-shop\/?page_id=127"},"modified":"2026-04-16T14:51:32","modified_gmt":"2026-04-16T13:51:32","slug":"sacs-et-accessoires-femme-homme-en-cuir-made-france","status":"publish","type":"page","link":"https:\/\/marieberte.com\/e-shop\/sacs-et-accessoires-femme-homme-en-cuir-made-france\/","title":{"rendered":"Une fabrication fran\u00e7aise"},"content":{"rendered":"\n<div class=\"is-layout-flow wp-block-group\"><div class=\"wp-block-group__inner-container\">\n<p><img decoding=\"async\" loading=\"lazy\" class=\"wp-image-1492 alignleft\" src=\"https:\/\/marieberte.com\/wp-content\/uploads\/808E4CB6-64C7-4C5F-8403-EBDD20B7C3E8.jpg\" alt=\"\" width=\"600\" height=\"450\" \/><\/p>\n<h4>\u00a0<\/h4>\n<p><strong>Cr\u00e9\u00e9e en 2006, marieBerte est une marque de maroquinerie fabriqu\u00e9e en France.<\/strong><\/p>\n<p>En 2013, nous nous sommes rendu compte que nos sacs avaient atteints des prix inaccessibles, toujours plus \u00e9lev\u00e9s ; nous avons d\u00e9cid\u00e9 de nous poser et de r\u00e9fl\u00e9chir.<\/p>\n<p>Aussi, apr\u00e8s avoir \u00e9t\u00e9 distribu\u00e9e en boutiques en France et \u00e0 l\u2019\u00e9tranger, avoir parcouru les salons, multipli\u00e9 les distributeurs, nous avons d\u00e9cid\u00e9 de changer radicalement notre approche.<\/p>\n<p>Nous avons commenc\u00e9 par lister les points sur lesquels nous ne voulions pas transiger et qui \u00e9taient le c\u0153ur de notre savoir-faire :<\/p>\n<p><strong>\u00a0 \u00a0 &#8211;\u00a0 le design, donc la cr\u00e9ation<br \/><\/strong><strong>\u00a0 \u00a0 &#8211;\u00a0 la fabrication fran\u00e7aise, donc la proximit\u00e9<br \/><\/strong><strong>\u00a0 \u00a0 &#8211;\u00a0 la tra\u00e7abilit\u00e9 des mat\u00e9riaux, donc la responsabilit\u00e9<br \/><\/strong><strong>\u00a0 \u00a0 &#8211;\u00a0 la qualit\u00e9 du produit fini, donc la durabilit\u00e9<br \/><\/strong><strong>\u00a0 \u00a0 &#8211;\u00a0 le respect du vivant, donc l\u2019humilit\u00e9<\/strong><\/p>\n<p>Une fois ces priorit\u00e9s \u00e9tablies, nous avons regard\u00e9 ce que nous \u00e9tions pr\u00eats \u00e0 laisser de c\u00f4t\u00e9.<\/p>\n<p>La premi\u00e8re chose que nous avons faite a \u00e9t\u00e9 de sortir de la tyrannie des saisons. Aujourd\u2019hui dans la mode, il n\u2019y a plus 2 saisons, mais 4 ou plus. Sortir de nouveaux mod\u00e8les en permanence, multiplier les coloris pour simplement cr\u00e9er de la nouveaut\u00e9 n\u2019a finalement rien \u00e0 voir avec la fa\u00e7on de voir nos produits. Nous cr\u00e9ons des mod\u00e8les solides, con\u00e7us pour durer et surtout, leurs lignes \u00e9pur\u00e9es ne sont pas con\u00e7ues en fonction de la tendance de l\u2019instant, mais par des choix de cr\u00e9ation assum\u00e9s. Le design est sinc\u00e8re. Nous les voulons atemporelles et ind\u00e9modables. Le temps et l\u2019argent que nous passions \u00e0 communiquer sur de nouveaux coloris, nous le consacrons aujourd\u2019hui au produit\u00a0:<\/p>\n<p><strong>Rechercher de nouvelles formes, de nouvelles finitions, de nouveaux mat\u00e9riaux. Car c\u2019est \u00e7a, notre m\u00e9tier, avant tout.<\/strong><\/p>\n<p><img decoding=\"async\" loading=\"lazy\" class=\"wp-image-1494 alignright\" src=\"https:\/\/marieberte.com\/wp-content\/uploads\/355B0D35-0B7E-4ECB-8C7E-E02BEECA2051.jpg\" alt=\"\" width=\"450\" height=\"450\" \/><\/p>\n<p>Ensuite, nous avons d\u00e9cid\u00e9 de ne vendre que sur notre boutique en ligne, de stopper la diffusion via des distributeurs. Cela a permis de faire baisser nos co\u00fbts de fa\u00e7on drastique, tout en continuant \u00e0 proposer des produits de qualit\u00e9, con\u00e7us et fabriqu\u00e9s en France.<\/p>\n<p>Nous fabriquons en petite quantit\u00e9, en France, car nous voulons avoir un \u0153il sur la production et, surtout, nous ne voulons pas g\u00e2cher, stocker. Nous refusons qu\u2019un produit traverse trois fois le globe avant d\u2019arriver entre vos mains. La relation que nous entretenons avec nos co-traitants est tr\u00e8s importante, elle fait partie de notre quotidien et nous tenons \u00e0 ce que cette \u00e9tape soit aussi le reflet de notre mani\u00e8re de voir le monde, de nous comporter socialement et humainement.<\/p>\n<p>La question des cuirs que nous travaillons, donc des animaux qui nous offrent la mati\u00e8re premi\u00e8re de nos produits est aussi au centre de nos pr\u00e9occupations. La peau de l\u2019animal doit avant tout \u00eatre issue d\u2019un cercle vertueux\u00a0de recyclage\u00a0: nos peaux proviennent de cheptels qui ne seront pas tu\u00e9s uniquement pour leurs peaux.<\/p>\n<p><strong>Ainsi aujourd\u2019hui, nous vendons mieux, diff\u00e9remment, et avant tout, d\u2019une fa\u00e7on qui nous ressemble. Et \u00e7a fait du bien d\u2019\u00eatre coh\u00e9rent !<\/strong><\/p>\n<\/div><\/div>\n","protected":false},"excerpt":{"rendered":"<p>\u00a0 Cr\u00e9\u00e9e en 2006, marieBerte est une marque de maroquinerie fabriqu\u00e9e en France. En 2013, nous nous sommes rendu compte que nos sacs avaient atteints des prix inaccessibles, toujours plus \u00e9lev\u00e9s ; nous avons d\u00e9cid\u00e9 de nous poser et de r\u00e9fl\u00e9chir. Aussi, apr\u00e8s avoir \u00e9t\u00e9 distribu\u00e9e en boutiques en France et \u00e0 l\u2019\u00e9tranger, avoir parcouru [&hellip;]<\/p>\n","protected":false},"author":2,"featured_media":0,"parent":0,"menu_order":0,"comment_status":"closed","ping_status":"closed","template":"template-fullwidth.php","meta":[],"_links":{"self":[{"href":"https:\/\/marieberte.com\/e-shop\/wp-json\/wp\/v2\/pages\/127"}],"collection":[{"href":"https:\/\/marieberte.com\/e-shop\/wp-json\/wp\/v2\/pages"}],"about":[{"href":"https:\/\/marieberte.com\/e-shop\/wp-json\/wp\/v2\/types\/page"}],"author":[{"embeddable":true,"href":"https:\/\/marieberte.com\/e-shop\/wp-json\/wp\/v2\/users\/2"}],"replies":[{"embeddable":true,"href":"https:\/\/marieberte.com\/e-shop\/wp-json\/wp\/v2\/comments?post=127"}],"version-history":[{"count":23,"href":"https:\/\/marieberte.com\/e-shop\/wp-json\/wp\/v2\/pages\/127\/revisions"}],"predecessor-version":[{"id":2611,"href":"https:\/\/marieberte.com\/e-shop\/wp-json\/wp\/v2\/pages\/127\/revisions\/2611"}],"wp:attachment":[{"href":"https:\/\/marieberte.com\/e-shop\/wp-json\/wp\/v2\/media?parent=127"}],"curies":[{"name":"wp","href":"https:\/\/api.w.org\/{rel}","templated":true}]}}